{"id":4534,"date":"2016-07-26T03:22:46","date_gmt":"2016-07-26T01:22:46","guid":{"rendered":"https:\/\/www.travalo.eu\/en\/product\/classic-hd-white\/"},"modified":"2016-10-10T15:50:53","modified_gmt":"2016-10-10T13:50:53","slug":"classic-hd-white","status":"publish","type":"product","link":"https:\/\/www.travalo.eu\/en\/shop\/classic-hd-white\/","title":{"rendered":"Classic HD White"},"content":{"rendered":"    <div class=\"shortcode shortcode-block  \"\n        >\n        [vc_row][vc_column][vc_column_text]\r\n<div class=\"more-space\"><strong> Travalo - the worlds favorite scent sprayer <\/strong><\/div>\r\n<div class=\"text-content\">\r\n<div class=\"row pull-right\"><\/div>\r\nYou want to be able to get a fast breeze of perfume, everywhere, whenever you want? You think thats impossible, because a bottle of perfume is way too big for your handbags or purse and can possibly break?\r\nThe refillable scent sprayer by Travalo is the brilliant solution! The handy sprayer uses a simple but ingenious (and patented) technology to be able to get refilled, completely without air contact. The little fragrant stick fits easily in every little bag or purse and allows you to use a whiff of perfume everywhere and anytime you want.\r\n\r\n<\/div>\r\n[\/vc_column_text][\/vc_column][\/vc_row][vc_row][vc_column width=\"2\/3\"][vc_column_text]<strong>Refillable in seconds<\/strong>\r\n\r\nThe scent sprayer by Travalo is refillable from almost every flask with a removable nozzle. Just remove the spray head from your standard bottle, put the Travalo on the nozzle and pump up the fragrance - done! Your Travalo is ready for action in seconds.[\/vc_column_text][\/vc_column][vc_column width=\"1\/3\"][vc_column_text]<a href=\"https:\/\/www.travalo.eu\/wp-content\/uploads\/2016\/02\/DAMARI_Travalo-Parfuemzerstaeuber-Classic-HD_010.jpg\" rel=\"attachment wp-att-3097\"><img class=\"wp-image-3097 aligncenter\" src=\"https:\/\/www.travalo.eu\/wp-content\/uploads\/2016\/02\/DAMARI_Travalo-Parfuemzerstaeuber-Classic-HD_010.jpg\" alt=\"DAMARI_Travalo-Parfuemzerstaeuber-Classic-HD_010\" width=\"169\" height=\"169\" \/><\/a>[\/vc_column_text][\/vc_column][\/vc_row][vc_row][vc_column][vc_column_text]<strong>Safe and easy refill<\/strong>\r\n\r\nRefilling your travalo is a piece of cake, no need for a hopper or a screwdriver. The fragrance is absolutely safe, no leaking or dripping of your beloved scent![\/vc_column_text][\/vc_column][\/vc_row][vc_row][vc_column width=\"2\/3\"][vc_column_text]<strong>65 refreshments possible<\/strong>\r\n\r\nSmall but powerful! With just about 3,38 inch, the Travalo is just as small as a finger, nevertheless just one fill is enough for around 65 uses.[\/vc_column_text][\/vc_column][vc_column width=\"1\/3\"][vc_column_text]<img class=\"size-full wp-image-2790 aligncenter\" src=\"http:\/\/www.damari.eu\/wp-content\/uploads\/2014\/02\/travalo_dosierung.jpg\" alt=\"travalo_refill\" width=\"40%\" \/>[\/vc_column_text][\/vc_column][\/vc_row][vc_row][vc_column width=\"2\/3\"][vc_column_text]<strong>Nur 8.6cm hoch und 20g leicht<\/strong>\r\n<div class=\"two-thirds column-last\">Der Travalo ist mit 8.6 cm zwar nur so gro\u00df wie ein Finger und wiegt blo\u00df 20 Gramm, doch eine F\u00fcllung ergibt volle 65 Dosierungen mit einem wunderbar feinen Spr\u00fchnebel, was seine unscheinbare Gr\u00f6\u00dfe vergessen macht.<\/div>\r\n[\/vc_column_text][\/vc_column][vc_column width=\"1\/3\"][vc_column_text]<a href=\"https:\/\/www.travalo.eu\/wp-content\/uploads\/2016\/02\/65-Spr\u00fchst\u00f6sse.jpg\" rel=\"attachment wp-att-3247\"><img class=\" wp-image-3247 aligncenter\" src=\"https:\/\/www.travalo.eu\/wp-content\/uploads\/2016\/02\/65-Spr\u00fchst\u00f6sse.jpg\" alt=\"65-Spr\u00fchst\u00f6sse\" width=\"136\" height=\"187\" \/><\/a>[\/vc_column_text][\/vc_column][\/vc_row][vc_row][vc_column width=\"2\/3\"][vc_column_text]<strong>Authorized for planes<\/strong>\r\n\r\nThe Travalo can be taken on planes in your baggage worldwide! The exclusive pressure control system allows a regulation to different air pressures on planes. With this innovative system, leaks are prevented and you will arrive refreshed wherever you go!\r\n\r\n&nbsp;\r\n<h2><\/h2>\r\n[\/vc_column_text][\/vc_column][vc_column width=\"1\/3\"][vc_column_text]<img class=\"size-full wp-image-2790 aligncenter\" src=\"http:\/\/www.damari.eu\/wp-content\/uploads\/2014\/02\/traval_aircraft.jpg\" alt=\"travalo_refill\" width=\"40%\" \/>[\/vc_column_text][\/vc_column][\/vc_row][vc_row][vc_column width=\"2\/3\"][vc_column_text]<strong>Refilling made easy<\/strong>\r\n\r\nJust remove the spray head of your big parfume bottle and put the Travalo on the nozzle of the flask. Via multiple up-and-down-motions you can now pump up your fragrance. The useful level indicator shows you, at what moment you have pumped sufficient liquid. Please do not overfill![\/vc_column_text][\/vc_column][vc_column width=\"1\/3\"][vc_column_text]<img class=\"size-full wp-image-2790 aligncenter\" src=\"http:\/\/www.damari.eu\/wp-content\/uploads\/2014\/02\/travalo_so-gehts.jpg\" alt=\"travalo_refill\" width=\"40%\" \/>[\/vc_column_text][\/vc_column][\/vc_row]    <\/div>\n    \n","protected":false},"excerpt":{"rendered":"[block id=\"3041\" name=\"Travalo Classic HD\"]\n","protected":false},"featured_media":4263,"comment_status":"open","ping_status":"closed","template":"","meta":{"_s2mail":""},"yoast_head":"<!-- This site is optimized with the Yoast SEO plugin v16.2 - https:\/\/yoast.com\/wordpress\/plugins\/seo\/ -->\n<title>Travalo Classic HD White | Buy a Travalo Perfume Atomiser<\/title>\n<meta name=\"description\" content=\"Refillable Perfume Atomisers from Travalo. Perfect for travelling, fits in every pocket - practical and elegant. Buy your Travalo Classic HD White now.\" \/>\n<meta name=\"robots\" content=\"index, follow, max-snippet:-1, max-image-preview:large, max-video-preview:-1\" \/>\n<link rel=\"canonical\" href=\"https:\/\/www.travalo.eu\/en\/shop\/classic-hd-white\/\" \/>\n<meta property=\"og:locale\" content=\"en_US\" \/>\n<meta property=\"og:type\" content=\"article\" \/>\n<meta property=\"og:title\" content=\"Travalo Classic HD White | Buy a Travalo Perfume Atomiser\" \/>\n<meta property=\"og:description\" content=\"Refillable Perfume Atomisers from Travalo. Perfect for travelling, fits in every pocket - practical and elegant. Buy your Travalo Classic HD White now.\" \/>\n<meta property=\"og:url\" content=\"https:\/\/www.travalo.eu\/en\/shop\/classic-hd-white\/\" \/>\n<meta property=\"og:site_name\" content=\"Travalo EU\" \/>\n<meta property=\"article:modified_time\" content=\"2016-10-10T13:50:53+00:00\" \/>\n<meta property=\"og:image\" content=\"https:\/\/www.travalo.eu\/wp-content\/uploads\/2016\/07\/DAMARI_Travalo-Parfuemzerstaeuber-Classic-HD_white_105.014_07-1.jpg\" \/>\n\t<meta property=\"og:image:width\" content=\"800\" \/>\n\t<meta property=\"og:image:height\" content=\"800\" \/>\n<meta name=\"twitter:card\" content=\"summary\" \/>\n<script type=\"application\/ld+json\" class=\"yoast-schema-graph\">{\"@context\":\"https:\/\/schema.org\",\"@graph\":[{\"@type\":\"WebSite\",\"@id\":\"https:\/\/www.travalo.eu\/#website\",\"url\":\"https:\/\/www.travalo.eu\/\",\"name\":\"Travalo EU\",\"description\":\"Damari\",\"potentialAction\":[{\"@type\":\"SearchAction\",\"target\":\"https:\/\/www.travalo.eu\/?s={search_term_string}\",\"query-input\":\"required name=search_term_string\"}],\"inLanguage\":\"en-US\"},{\"@type\":\"ImageObject\",\"@id\":\"https:\/\/www.travalo.eu\/en\/shop\/classic-hd-white\/#primaryimage\",\"inLanguage\":\"en-US\",\"url\":\"https:\/\/www.travalo.eu\/wp-content\/uploads\/2016\/07\/DAMARI_Travalo-Parfuemzerstaeuber-Classic-HD_white_105.014_07-1.jpg\",\"contentUrl\":\"https:\/\/www.travalo.eu\/wp-content\/uploads\/2016\/07\/DAMARI_Travalo-Parfuemzerstaeuber-Classic-HD_white_105.014_07-1.jpg\",\"width\":800,\"height\":800},{\"@type\":\"WebPage\",\"@id\":\"https:\/\/www.travalo.eu\/en\/shop\/classic-hd-white\/#webpage\",\"url\":\"https:\/\/www.travalo.eu\/en\/shop\/classic-hd-white\/\",\"name\":\"Travalo Classic HD White | Buy a Travalo Perfume Atomiser\",\"isPartOf\":{\"@id\":\"https:\/\/www.travalo.eu\/#website\"},\"primaryImageOfPage\":{\"@id\":\"https:\/\/www.travalo.eu\/en\/shop\/classic-hd-white\/#primaryimage\"},\"datePublished\":\"2016-07-26T01:22:46+00:00\",\"dateModified\":\"2016-10-10T13:50:53+00:00\",\"description\":\"Refillable Perfume Atomisers from Travalo. Perfect for travelling, fits in every pocket - practical and elegant. Buy your Travalo Classic HD White now.\",\"breadcrumb\":{\"@id\":\"https:\/\/www.travalo.eu\/en\/shop\/classic-hd-white\/#breadcrumb\"},\"inLanguage\":\"en-US\",\"potentialAction\":[{\"@type\":\"ReadAction\",\"target\":[\"https:\/\/www.travalo.eu\/en\/shop\/classic-hd-white\/\"]}]},{\"@type\":\"BreadcrumbList\",\"@id\":\"https:\/\/www.travalo.eu\/en\/shop\/classic-hd-white\/#breadcrumb\",\"itemListElement\":[{\"@type\":\"ListItem\",\"position\":1,\"item\":{\"@type\":\"WebPage\",\"@id\":\"https:\/\/www.travalo.eu\/en\/\",\"url\":\"https:\/\/www.travalo.eu\/en\/\",\"name\":\"Home\"}},{\"@type\":\"ListItem\",\"position\":2,\"item\":{\"@type\":\"WebPage\",\"@id\":\"https:\/\/www.travalo.eu\/en\/shop\/\",\"url\":\"https:\/\/www.travalo.eu\/en\/shop\/\",\"name\":\"Shop\"}},{\"@type\":\"ListItem\",\"position\":3,\"item\":{\"@id\":\"https:\/\/www.travalo.eu\/en\/shop\/classic-hd-white\/#webpage\"}}]}]}<\/script>\n<!-- \/ Yoast SEO plugin. -->","_links":{"self":[{"href":"https:\/\/www.travalo.eu\/en\/wp-json\/wp\/v2\/product\/4534"}],"collection":[{"href":"https:\/\/www.travalo.eu\/en\/wp-json\/wp\/v2\/product"}],"about":[{"href":"https:\/\/www.travalo.eu\/en\/wp-json\/wp\/v2\/types\/product"}],"replies":[{"embeddable":true,"href":"https:\/\/www.travalo.eu\/en\/wp-json\/wp\/v2\/comments?post=4534"}],"wp:featuredmedia":[{"embeddable":true,"href":"https:\/\/www.travalo.eu\/en\/wp-json\/wp\/v2\/media\/4263"}],"wp:attachment":[{"href":"https:\/\/www.travalo.eu\/en\/wp-json\/wp\/v2\/media?parent=4534"}],"curies":[{"name":"wp","href":"https:\/\/api.w.org\/{rel}","templated":true}]}}